{"id":1607,"date":"2019-10-21T14:34:50","date_gmt":"2019-10-21T12:34:50","guid":{"rendered":"https:\/\/ceccarbistrita.ro\/ro\/?page_id=1607"},"modified":"2025-09-15T09:19:37","modified_gmt":"2025-09-15T07:19:37","slug":"cariera","status":"publish","type":"page","link":"https:\/\/ceccaralba.ro\/ro\/cariera\/","title":{"rendered":"Carier\u0103"},"content":{"rendered":"<section   class=\"fw-main-row  auto  fw-section-position-back\"    >\n\t\t\t<div class=\"fw-container\" >\n\t\t<div class=\"fw-row\">\n\t<div id=\"column-69e6c0535b381\" class=\"fw-col-sm-12 tf-sh-f9f9b3ff4a6fe8bada046201b21ba6e5\" >\n\t<div class=\"fw-wrap-col-inner clearfix  \"   >\n\t\t\t\t<div class=\"fw-col-inner\">\n\t\t\t<div class=\"panel-group fw-accordion  tf-sh-5cfb7cce91f4357ccb3b4824135048a6\"  id=\"accordion-5cfb7cce91f4357ccb3b4824135048a6\" role=\"tablist\" aria-multiselectable=\"true\">\n\t\t\t<div class=\"panel\">\n\t\t\t<div class=\"panel-heading\" role=\"tab\" id=\"acc-heading-accordion-5cfb7cce91f4357ccb3b4824135048a6-1\">\n\t\t\t\t<h5 class=\"panel-title\">\n\t\t\t\t\t<a class=\"collapsed\" data-toggle=\"collapse\" data-parent=\"#accordion-5cfb7cce91f4357ccb3b4824135048a6\" href=\"#acc-tab-accordion-5cfb7cce91f4357ccb3b4824135048a6-1\" aria-expanded=\"false\" aria-controls=\"acc-tab-accordion-5cfb7cce91f4357ccb3b4824135048a6-1\">\n\t\t\t\t\t\t \u0218ef Birou stagiu \u0219i dezvoltare profesional\u0103 continu\u0103 \u2013 Filiala Alba\t\t\t\t\t<\/a>\n\t\t\t\t<\/h5>\n\t\t\t<\/div>\n\t\t\t<div id=\"acc-tab-accordion-5cfb7cce91f4357ccb3b4824135048a6-1\" class=\"panel-collapse collapse \" role=\"tabpanel\" aria-labelledby=\"acc-heading-accordion-5cfb7cce91f4357ccb3b4824135048a6-1\">\n\t\t\t\t<div class=\"panel-body\">\n\t\t\t\t\t<p><strong><span class=\"stk-highlight\">Corpul Exper\u021bilor Contabili \u0219i Contabililor Autoriza\u021bi din Rom\u00e2nia organizeaz\u0103 concurs la sediul Filialei CECCAR Alba din Str. Pia\u021ba Consiliul Europei nr. 2, Bl. 32E, Ap. 19, loc. Alba Iulia, jud. Alba \u00een vederea ocup\u0103rii unui post de\u00a0<span class=\"underline\">\u0219ef Birou stagiu \u0219i dezvoltare profesional\u0103 continu\u0103<\/span>\u00a0pe perioada nedeterminat\u0103 \u0219i program de lucru de 8 ore\/zi.<\/span><\/strong><\/p><p><strong><em><span class=\"stk-highlight\"><u>Condi\u0163iile generale pentru persoana care particip\u0103 la concurs<\/u>:<\/span><\/em><\/strong><\/p><p><span class=\"stk-highlight\">a) cet\u0103\u0163enia rom\u00e2n\u0103, cet\u0103\u0163enie a altor state membre ale Uniunii Europene sau a statelor apar\u0163in\u00e2nd Spa\u0163iului Economic European \u015fi domiciliul \u00een Rom\u00e2nia;<\/span><\/p><p><span class=\"stk-highlight\">b) cunoa\u015fte limba rom\u00e2n\u0103, scris \u015fi vorbit;<\/span><\/p><p><span class=\"stk-highlight\">c) v\u00e2rsta minim\u0103 reglementat\u0103 de prevederile legale;<\/span><\/p><p><span class=\"stk-highlight\">d)\u00a0capacitate deplin\u0103 de exerci\u0163iu;<\/span><\/p><p><span class=\"stk-highlight\">e) starea de s\u0103n\u0103tate corespunz\u0103toare postului pentru care candideaz\u0103, atestat\u0103 pe baza adeverin\u0163ei medicale eliberate de medicul de familie sau de unit\u0103\u0163ile sanitare abilitate;<\/span><\/p><p><span class=\"stk-highlight\">f) \u00eendepline\u015fte condi\u0163iile de studii \u015fi, de vechime sau alte condi\u0163ii specifice potrivit cerin\u0163elor postului;<\/span><\/p><p><span class=\"stk-highlight\">g) nu a fost condamnat\u0103 definitiv pentru s\u0103v\u00e2r\u015firea unei infrac\u0163iuni contra umanit\u0103\u0163ii, contra statului ori contra autorit\u0103\u0163ii, de serviciu sau \u00een leg\u0103tur\u0103 cu serviciul, care \u00eempiedic\u0103 \u00eenf\u0103ptuirea justi\u0163iei, de fals ori a unor fapte de corup\u0163ie sau a unei infrac\u0163iuni s\u0103v\u00e2r\u015fite cu inten\u0163ie, care ar face-o incompatibil\u0103 cu exercitarea func\u0163iei, cu excep\u0163ia situa\u0163iei \u00een care a intervenit reabilitarea.<\/span><\/p><p><strong><em><u><span class=\"stk-highlight\">Condi\u0163ii specifice \u0219i cerin\u021be de participare la concurs:<\/span><\/u><\/em><\/strong><\/p><ul><li><span class=\"stk-highlight\">studii superioare economice<em>;\u00a0<\/em>\u00a0<\/span><\/li><li><span class=\"stk-highlight\">capacitate de analiz\u0103 \u015fi sintez\u0103;<\/span><\/li><li><span class=\"stk-highlight\">abilit\u0103\u0163i excelente de organizare, prioritizare \u015fi comunicare;<\/span><\/li><li><span class=\"stk-highlight\">rezisten\u0163\u0103 la stres, flexibilitate, aten\u0163ie la detalii, minu\u0163ios, perseveren\u0163\u0103 \u015fi disponibilitate pentru program prelungit;<\/span><\/li><li><span class=\"stk-highlight\">cuno\u015ftin\u0163e Microsoft Office, nivel mediu;<\/span><\/li><li><span class=\"stk-highlight\">comportament profesional integru \u015fi conduit\u0103 irepro\u015fabil\u0103.<\/span><\/li><\/ul><p><span class=\"stk-highlight\">Concursul se desf\u0103\u015foar\u0103 la sediul Filialei CECCAR Alba din Str. Pia\u021ba Consiliul Europei nr. 2, Bl. 32E, ap. 19, loc. Alba Iulia, jud. Alba, dup\u0103 cum urmeaz\u0103:<\/span><\/p><p><span class=\"stk-highlight\">\u2013 dosarele de \u00eenscriere se vor depune p\u00e2n\u0103 la data\u00a0<strong>25.01.2022<\/strong>, ora\u00a0<strong>12<\/strong>:<strong>00 <\/strong>la sediul Filialei CECCAR Alba;<\/span><\/p><p><span class=\"stk-highlight\">\u2013 proba scris\u0103, proba de verificare a abilit\u0103\u021bilor\u00a0 de utilizare a calculatorului si interviul vor avea loc \u00een data de\u00a0<strong>26.01.2022<\/strong>, orele\u00a0<strong>10:00<\/strong>, la sediul Filialei Alba;<\/span><\/p><p><span class=\"stk-highlight\">\u2013 comunicarea rezultatelor concursului se face prin specificarea men\u0163iunii \u00abadmis\u00bb sau \u00abrespins\u00bb prin afi\u015fare la sediul filialei CECCAR Alba.<\/span><\/p><p><strong><u><span class=\"stk-highlight\">Acte necesare pentru dosarul de \u00eenscriere la concurs:<\/span><\/u><\/strong><\/p><p><span class=\"stk-highlight\">1. cerere de \u00eenscriere la concurs;<\/span><\/p><p><span class=\"stk-highlight\">2. CV-ul semnat pe fiecare pagin\u0103;<\/span><\/p><p><span class=\"stk-highlight\">3. copia actului de identitate;<\/span><\/p><p><span class=\"stk-highlight\">4. adeverin\u0163\u0103 medical\u0103 care s\u0103 ateste starea de s\u0103n\u0103tate corespunz\u0103toare eliberat\u0103 cu cel mult 6 luni anterior derul\u0103rii concursului de c\u0103tre medicul de familie al candidatului sau de c\u0103tre unit\u0103\u0163ile sanitare abilitate (adeverin\u0163a care atest\u0103 starea de s\u0103n\u0103tate con\u0163ine, \u00een clar, num\u0103rul, data, numele emitentului \u015fi calitatea acestuia, \u00een formatul standard stabilit de Ministerul S\u0103n\u0103t\u0103\u0163ii Publice).<\/span><\/p><p><strong><span class=\"stk-highlight\">BIBLIOGRAFIE<\/span><\/strong><\/p><ol type=\"1\"><li><span class=\"stk-highlight\">Ordonan\u021ba Guvernului nr. 65\/19 august 1994 privind organizarea activit\u0103\u021bii de expertiz\u0103 contabil\u0103 \u0219i a contabililor autoriza\u021bi, republicat\u0103;<\/span><\/li><li><span class=\"stk-highlight\">Regulamentul de Organizare \u0219i Func\u021bionare a Corpului Exper\u021bilor Contabili \u0219i Contabililor Autoriza\u021bi din Rom\u00e2nia, republicat;<\/span><\/li><li><span class=\"stk-highlight\">Standardul profesional nr. 38 privind preg\u0103tirea profesional\u0103 continua a profesioni\u0219tilor contabili.<\/span><\/li><\/ol>\t\t\t\t<\/div>\n\t\t\t<\/div>\n\t\t<\/div>\n\t<\/div>\t\t<\/div>\n\t<\/div>\n<\/div><\/div>\n\n\t<\/div>\n\t<\/section>\n","protected":false},"excerpt":{"rendered":"<p>\u0218ef Birou stagiu \u0219i dezvoltare profesional\u0103 continu\u0103 \u2013 Filiala Alba Corpul Exper\u021bilor Contabili \u0219i Contabililor Autoriza\u021bi din Rom\u00e2nia organizeaz\u0103 concurs la sediul Filialei CECCAR Alba din Str. Pia\u021ba Consiliul Europei nr. 2, Bl. 32E, Ap. [&hellip;]<\/p>\n","protected":false},"author":1,"featured_media":0,"parent":0,"menu_order":0,"comment_status":"closed","ping_status":"closed","template":"","meta":{"footnotes":""},"class_list":["post-1607","page","type-page","status-publish","hentry"],"_links":{"self":[{"href":"https:\/\/ceccaralba.ro\/ro\/wp-json\/wp\/v2\/pages\/1607","targetHints":{"allow":["GET"]}}],"collection":[{"href":"https:\/\/ceccaralba.ro\/ro\/wp-json\/wp\/v2\/pages"}],"about":[{"href":"https:\/\/ceccaralba.ro\/ro\/wp-json\/wp\/v2\/types\/page"}],"author":[{"embeddable":true,"href":"https:\/\/ceccaralba.ro\/ro\/wp-json\/wp\/v2\/users\/1"}],"replies":[{"embeddable":true,"href":"https:\/\/ceccaralba.ro\/ro\/wp-json\/wp\/v2\/comments?post=1607"}],"version-history":[{"count":1,"href":"https:\/\/ceccaralba.ro\/ro\/wp-json\/wp\/v2\/pages\/1607\/revisions"}],"predecessor-version":[{"id":13225,"href":"https:\/\/ceccaralba.ro\/ro\/wp-json\/wp\/v2\/pages\/1607\/revisions\/13225"}],"wp:attachment":[{"href":"https:\/\/ceccaralba.ro\/ro\/wp-json\/wp\/v2\/media?parent=1607"}],"curies":[{"name":"wp","href":"https:\/\/api.w.org\/{rel}","templated":true}]}}