{"id":294,"date":"2017-10-30T09:29:15","date_gmt":"2017-10-30T07:29:15","guid":{"rendered":"https:\/\/ceccarbistrita.ro\/ro\/?page_id=294"},"modified":"2025-08-11T15:34:05","modified_gmt":"2025-08-11T13:34:05","slug":"echivalarea-examenului-de-acces-la-stagiu","status":"publish","type":"page","link":"https:\/\/ceccaralba.ro\/ro\/membri\/cum-devin-membru-ceccar\/echivalarea-examenului-de-acces-la-stagiu\/","title":{"rendered":"Echivalarea examenului de acces la stagiu"},"content":{"rendered":"<section   class=\"fw-main-row  auto  fw-section-position-back\"    >\n\t\t\t<div class=\"fw-container\" >\n\t\t<div class=\"fw-row\">\n\t<div id=\"column-69e6bfe152d76\" class=\"fw-col-sm-12 tf-sh-4bf7de7076824fb4c351a6d1039d0743\" >\n\t<div class=\"fw-wrap-col-inner clearfix  \"   >\n\t\t\t\t<div class=\"fw-col-inner\">\n\t\t\t<div class=\"fw-text-box tf-sh-877a63ccffaffc9f825a828be48b90b9 \" >\n\t<div class=\"fw-text-inner\">\n\t\t<div class=\"fw-text-box tf-sh-877a63ccffaffc9f825a828be48b90b9 \">\n<div class=\"fw-text-inner\">\n<p><strong>Echivalarea examenului de acces la stagiu<\/strong><\/p>\n<\/div>\n<\/div>\n<div class=\"fw-divider-space space-sm  clearfix\"><\/div>\n<div class=\"tf-sh-435841a89aa1e8b5e1a52a967d0eb145 fw-tabs fw-tabs-minimal fw-tabs-top \">\n<ul class=\"nav nav-tabs nav-justified\">\n<li class=\"active\"><a href=\"https:\/\/ceccarsibiu.ro\/ro\/membri\/cum-devin-membru-ceccar\/echivalarea-examenului-de-acces-la-stagiu\/#tab-cont-435841a89aa1e8b5e1a52a967d0eb145-1\" data-toggle=\"tab\">Con\u0163inutul dosarului de echivalare a examenului de admitere, categoria expert contabil<\/a><\/li>\n<li><a href=\"https:\/\/ceccarsibiu.ro\/ro\/membri\/cum-devin-membru-ceccar\/echivalarea-examenului-de-acces-la-stagiu\/#tab-cont-435841a89aa1e8b5e1a52a967d0eb145-2\" data-toggle=\"tab\">Institu\u021biile de \u00eenv\u0103\u021b\u0103m\u00e2nt superior care au \u00eencheiat cu CECCAR protocoale de colaborare<\/a><\/li>\n<li><a href=\"https:\/\/ceccarsibiu.ro\/ro\/membri\/cum-devin-membru-ceccar\/echivalarea-examenului-de-acces-la-stagiu\/#tab-cont-435841a89aa1e8b5e1a52a967d0eb145-3\" data-toggle=\"tab\">Con\u021binutul dosarului depus de facult\u0103\u021bile de profil<\/a><\/li>\n<\/ul>\n<div class=\"tab-content clearfix\">\n<div id=\"tab-cont-435841a89aa1e8b5e1a52a967d0eb145-1\" class=\"tab-pane fade in active\">\n<header>\n<div role=\"navigation\">\n<nav id=\"fw-menu-primary\"><strong>Con\u021binut dosar echivalare examen admitere \u0219i modalitatea de depunere<\/strong><\/p>\n<p>Dosarul de echivalare a disciplinelor programelor de master se poate depune:<br \/>A. ONLINE<br \/>B. La sediul oric\u0103rei filiale CECCAR<\/p>\n<p>&nbsp;<\/p>\n<p><strong>Termen de depunere dosar echivalare:<\/strong>\u00a015 august 2025.<\/p>\n<\/nav>\n<p>&nbsp;<\/p>\n<p>Pentru \u00eenscrierea online v\u0103 rug\u0103m s\u0103 accesa\u021bi link-ul:<\/p>\n<\/div>\n<p><a href=\"https:\/\/stagiu.ceccar.ro\/core\/admin\/stagiar\/signup.php\"><strong>https:\/\/stagiu.ceccar.ro\/core\/admin\/stagiar\/signup.php<\/strong><\/a><\/p>\n<\/header>\n<p>&nbsp;<\/p>\n<p><strong>Instruc\u021biuni privind completarea formularului online de \u00eenscriere:<\/strong><\/p>\n<ol class=\"wp-block-list\">\n<li>Candidatul se va \u00eenscrie cu numele complet (cu majuscule), conform actului de identitate, prin completarea adresei de e-mail corect\u0103 \u015fi a num\u0103rului de telefon.<\/li>\n<li>Dup\u0103 completarea tuturor c\u00e2mpurilor din platforma CECCAR candidatul va primi un e-mail de confirmare privind activarea contului \u00een cadrul platformei.<\/li>\n<li>De asemenea, dup\u0103 verificarea documentelor \u00eenc\u0103rcate candidatul va primi un mesaj privind validarea dosarului \u0219i dreptul de participare la examenul de admitere la stagiu.<\/li>\n<li>Pentru documentele de \u00eenscriere pentru care exist\u0103 formulare tipizate CECCAR se vor respecta modelele \u00eenc\u0103rcate \u00een platform\u0103.<\/li>\n<li>Centrele de examen sunt stabilite, dup\u0103 finalizarea \u00eenscrierilor, \u00een func\u021bie de num\u0103rul candida\u021bilor \u00eenscri\u0219i prin arondarea filialelor la centrele de examen. Aceast\u0103 informa\u021bie este valabil\u0103 doar pentru absolven\u021bii programelor de masterat care au examene de sus\u021binut pentru echivalarea disciplinelor. Av\u00e2nd \u00een vedere faptul c\u0103 la momentul \u00eenscrierii nu avem stabilite centrele de examen \u00een momentul complet\u0103rii formularului de \u00eenscriere prin platforma CECCAR avem rug\u0103mintea s\u0103 selecta\u021bi tot filiala de domiciliu, urm\u00e2nd ca aceast\u0103 s\u0103 fie repartizat\u0103 unui centru de examen, dup\u0103 ce sunt stabilite. \u00cen situa\u021bia \u00een care opta\u021bi pentru un anumit centru de examen v\u0103 rug\u0103m s\u0103 selecta\u021bi filiala corespunz\u0103toare.<\/li>\n<li>Certificarea copiei pentru conformitate cu originalul pentru actele de studiu se realizeaz\u0103 de c\u0103tre personalul CECCAR. Pentru confirmarea \u00eenscrierii \u00een stagiu, dup\u0103 aprobarea \u00eenscrierii directe la stagiu, candidatul va prezenta \u00een cadrul filialei de domiciliu, odat\u0103 cu \u00eenscrierea \u00een stagiu, original sau copie legalizat\u0103 a actelor de studiu, iar dup\u0103 certificarea copiei pentru conformitate cu originalul sau copia legalizat\u0103 se returneaz\u0103 titularului.<\/li>\n<li>Persoanele care au beneficiat de vouchere care susbstituie taxa de \u00eenscriere la examenul de admitere la stagiu vor anexa\/\u00eenc\u0103rca la dosarul de \u00eenscriere voucherul.<\/li>\n<\/ol>\n<p><strong>Temei legal \u0219i con\u021binut dosar echivalare discipline examen admitere stagiu cu disciplinele din cadrul programelor de masterat, pentru care exist\u0103 acorduri de colaborare \u00eencheiate cu CECCAR<\/strong><\/p>\n<p>Potrivit alin. 11 al art. 3 din O.G. nr. 65\/1994 republicat\u0103, cu modific\u0103rile \u015fi complet\u0103rile ulterioare, la cerere, se pot \u00eenscrie direct la stagiu absolven\u0163ii cursurilor de master, organizate de facult\u0103\u0163ile de profil, pe baza protocoalelor de echivalare a disciplinelor de la examenele de master cu cele de la examenul de admitere \u00een profesie, \u00eencheiate de universit\u0103\u0163i cu CECCAR.<\/p>\n<p>\u00cen temeiul protocoalelor de colaborare \u00eencheiate de universit\u0103\u0163i cu CECCAR, absolven\u021bii programelor de masterat, au posibilitatea depunerii dosarului de \u00eenscriere direct\u0103 la stagiu,\u00a0<strong>\u00een termen de trei ani de la absolvire<\/strong>.\u00a0<em>Cererile de \u00eenscriere direct la stagiu depuse de absolven\u0163ii programului de studii universitare de master dup\u0103 termenul de trei ani de la absolvire, dar \u00eentr-un termen de maxim cinci ani vor fi supuse spre analiz\u0103 \u015fi hot\u0103r\u00e2re Consiliului Superior al CECCAR, \u00een baza unei declara\u021bii pe propria r\u0103spundere din partea absolven\u021bilor de masterat cu motivul pentru care nu s-au \u00eencadrat \u00een termenul de maxim 5 ani de la absolvire.<\/em><\/p>\n<p>Eviden\u0163a protocoalelor de colaborare \u00eencheiate de CECCAR cu facult\u0103\u0163ile de profil, precum \u015fi eviden\u0163a disciplinelor echivalate \u015fi a condi\u0163iilor de medie \u015fi note poate fi consultat\u0103 la rubrica\u00a0<a title=\"\" href=\"https:\/\/ceccar.ro\/ro\/wp-content\/uploads\/2025\/06\/Evidenta-protocoale-master-actualizat-2025.pdf\" target=\"_blank\" rel=\"noopener\">Institu\u0163ii de \u00eenv\u0103\u0163\u0103m\u00e2nt superior care au \u00eencheiat cu CECCAR protocoale de colaborare<\/a>.<\/p>\n<p>Concret, actele necesare \u00eenscrierii directe la stagiu, \u00een baza protocoalelor de echivalare a disciplinelor programelor de master cu disciplinele examenului de admitere la stagiu sunt:<\/p>\n<p>a)\u00a0<a title=\"\" href=\"https:\/\/ceccar.ro\/ro\/wp-content\/uploads\/2025\/05\/Cererea-de-inscriere.pdf\" target=\"_blank\" rel=\"noopener\">cererea de \u00eenscriere (model Anex\u0103)<\/a>;<br \/>b) diploma de studii superioare economice, recunoscut\u0103 de Ministerul Educa\u0163iei (certificarea conformit\u0103\u021bii cu originalul)<br \/>c) diploma de absolvire a programului de master.\u00a0<em><strong>\u00cen situa\u0163ia \u00een care diploma nu a fost emis\u0103 de facultate se poate depune o adeverin\u0163\u0103 care s\u0103 ateste absolvirea programului de masterat), urm\u00e2nd ca dosarul s\u0103 fie completat ulterior cu diploma<\/strong><\/em>;<br \/>d) suplimentul diplomei de masterat.\u00a0<em><strong>\u00cen situa\u0163ia \u00een care suplimentul diplomei nu a fost emis se poate depune o situa\u0163ie scolar\u0103) cu eviden\u0163a notelor, urm\u00e2nd ca dosarul s\u0103 fie completat ulterior cu suplimentul diplomei de masterat<\/strong><\/em>;<br \/>e)\u00a0<strong>suplimentul diplomei de licen\u0163\u0103 document care se depune doar pentru programele de masterat \u00een care se face trimitere la notele ob\u0163inute \u00een timpul anilor de facultate<\/strong>;<br \/>f)\u00a0 certificatul medical eliberat de medic neurolog sau psihiatru, din care s\u0103 rezulte c\u0103 solicitantul are capacitatea de exerci\u0163iu deplin\u0103;<br \/>g) certificat de cazier judiciar, valabil;<br \/>h) CV;<br \/>i) copie CI;<br \/>j) dovada achit\u0103rii taxei de \u00eenscriere la examen \u00een cuantum de 175 Euro (c\/v \u00een lei la cursul BNR din ziua pl\u0103\u021bii), tax\u0103 care va fi pl\u0103tit\u0103 \u00een contul filialei \u00een cadrul c\u0103reia se face \u00eenscrierea;<br \/>k)\u00a0<a title=\"\" href=\"https:\/\/ceccar.ro\/ro\/wp-content\/uploads\/2025\/05\/Acord-gdpr-2025.pdf\" target=\"_blank\" rel=\"noopener\">acordul privind prelucrarea datelor cu caracter personal (model Anex\u0103)<\/a><\/p>\n<p>Certificarea copiei pentru conformitate cu originalul pentru documentele prev\u0103zute la lit. b) \u2013 e) se realizeaz\u0103 de c\u0103tre personalul CECCAR.<\/p>\n<p><strong>Candidatul va prezenta la depunerea dosarului aceste documente \u00een original sau copie legalizat\u0103, iar dup\u0103 certificarea copiei pentru conformitate cu originalul, originalul sau copia legalizat\u0103 se returneaz\u0103 titularului<\/strong>.<\/p>\n<\/div>\n<\/div>\n<\/div>\n\t<\/div>\n<\/div><div class=\"fw-divider-space space-sm  clearfix\"  ><\/div><div class=\"tf-sh-435841a89aa1e8b5e1a52a967d0eb145 fw-tabs fw-tabs-minimal fw-tabs-top \" >\n\t<ul class=\"nav nav-tabs nav-justified\">\n\t\t\t\t\t<li class=\"active\">\n\t\t\t\t<a href=\"#tab-cont-435841a89aa1e8b5e1a52a967d0eb145-1\" data-toggle=\"tab\">\n\t\t\t\t\t\n\t\t\t\t\t\t\t\t\t\t<span>Con\u021binutul dosarului depus de facult\u0103\u021bile de profil<\/span>\n\t\t\t\t<\/a>\n\t\t\t<\/li>\n\t\t\t\t\t\t\t\t<li >\n\t\t\t\t<a href=\"#tab-cont-435841a89aa1e8b5e1a52a967d0eb145-2\" data-toggle=\"tab\">\n\t\t\t\t\t\n\t\t\t\t\t\t\t\t\t\t<span>Institu\u021biile de \u00eenv\u0103\u021b\u0103m\u00e2nt superior care au \u00eencheiat cu CECCAR protocoale de colaborare<\/span>\n\t\t\t\t<\/a>\n\t\t\t<\/li>\n\t\t\t\t\t\t\t\t<li >\n\t\t\t\t<a href=\"#tab-cont-435841a89aa1e8b5e1a52a967d0eb145-3\" data-toggle=\"tab\">\n\t\t\t\t\t\n\t\t\t\t\t\t\t\t\t\t<span>Con\u0163inutul dosarului de echivalare a examenului de admitere, categoria expert contabil<\/span>\n\t\t\t\t<\/a>\n\t\t\t<\/li>\n\t\t\t\t\t\t<\/ul>\n\n\t<div class=\"tab-content clearfix\">\n\t\t\t\t\t<div id=\"tab-cont-435841a89aa1e8b5e1a52a967d0eb145-1\"\n\t\t\t     class=\"tab-pane fade in active\">\n\t\t\t\t\n\t\t\t\t\t\t\t\t\t<header><div><div style=\"text-align: justify;\"><strong>Con\u0163inutul dosarelor \u00eenaintate de facult\u0103\u021bile de profil pentru analiz\u0103 \u015fi aprobare \u00een vederea \u00eencheierii protocolului colaborare, trebuie s\u0103 con\u0163in\u0103 \u00een principal urmatoarele documente:<\/strong><\/div><\/div><\/header><div id=\"main\"><section id=\"section-5c73fc96a7ba2\"><div id=\"column-b820cc773500f5c216a27358f8eb2519\"><p style=\"text-align: justify;\">1. Cererea facult\u0103\u0163ii de profil semnat\u0103 cel putin de catre Decanul, \u015eeful catedrei respectivei facult\u0103\u0163i precum \u015fi de c\u0103tre directorul cursului de master respectiv \u015fi eventual semnatura Rectorului Universit\u0103\u0163ii respective;<\/p><p style=\"text-align: justify;\">2. Dovada certificat\u0103 printr-un document oficial recunoscut potrivit legii \u00eenv\u0103\u0163\u0103m\u00e2ntului \u015fi a hot\u0103r\u00e2rilor de guvern emise \u00een aplicarea acestei legi, din care s\u0103 rezulte acreditarea pentru organizarea cursului de master de 2 ani;<\/p><p style=\"text-align: justify;\">3. Programul general al cursurilor pentru cei doi ani de master certificat \u015fi \u015ftampilat de Decanul facult\u0103tii \u015fi \u015feful masterului respectiv;<\/p><p style=\"text-align: justify;\">4. Fi\u015fele disciplinelor de la master cuprinz\u00e2nd scopul si rezultatele inv\u0103\u0163\u0103rii precum si con\u0163inutul detaliat al disciplinelor;<\/p><p style=\"text-align: justify;\">5. Corpul de cadre didactice cu men\u0163iunea titlului stiin\u0163ific, utilizat \u00een cadrul programului de master;<\/p><p style=\"text-align: justify;\">6. Metodele de predare utilizate pentru fiecare disciplin\u0103;<\/p><p style=\"text-align: justify;\">7. Bibliografia solicitat\u0103 pentru fiecare disciplin\u0103;<\/p><p style=\"text-align: justify;\">8. Modul de evaluare pentru fiecare disciplin\u0103, cu prezentarea separat\u0103 a examin\u0103rii scrise sau orale \u015fi nota minim\u0103 de promovare pentru o disciplin\u0103;<\/p><p style=\"text-align: justify;\">9. Suporturile utilizate pentru fiecare disciplin\u0103;<\/p><p style=\"text-align: justify;\">10. Orice alt document care s\u0103 vin\u0103 \u00een sprijinul dosarului;<\/p><p style=\"text-align: justify;\">11. Dovada achit\u0103rii taxei aferente analiz\u0103rii dosarului programului de master<\/p><\/div><\/section><\/div>\t\t\t\t\t\t\t<\/div>\n\t\t\t\t\t\t<div id=\"tab-cont-435841a89aa1e8b5e1a52a967d0eb145-2\"\n\t\t\t     class=\"tab-pane fade \">\n\t\t\t\t\n\t\t\t\t\t\t\t\t\t<p style=\"text-align: justify;\"><a href=\"https:\/\/ceccaralba.ro\/ro\/wp-content\/uploads\/2018\/10\/EVIDENTA-PROGRAME-DE-MASTERAT-modificat-17.10.2018.pdf\">Eviden\u0163a programelor de masterat pentru care au fost \u00eencheiate cu CECCAR protocoale de \u00eenscriere direct\u0103 la stagiu \u00een vederea ob\u0163inerii calit\u0103\u0163ii de expert contabil <\/a><\/p>\t\t\t\t\t\t\t<\/div>\n\t\t\t\t\t\t<div id=\"tab-cont-435841a89aa1e8b5e1a52a967d0eb145-3\"\n\t\t\t     class=\"tab-pane fade \">\n\t\t\t\t\n\t\t\t\t\t\t\t\t\t<h1>Echivalarea disciplinelor programelor de masterat cu disciplinele examenului de admitere, categoria expert contabil \u2013 Termen de depunere \u0219i con\u021binutul dosarului<\/h1><p class=\"has-black-color has-text-color\">Echivalarea disciplinelor programelor de masterat cu disciplinele examenului de admitere, categoria expert contabil \u2013 Termen de depunere \u0219i con\u021binutul dosarului<\/p><p class=\"has-black-color has-text-color\"><strong><u>Termenul de depunere a dosarelor de echivalare:<\/u><\/strong><\/p><p class=\"has-black-color has-text-color\">\u00cen vederea \u00eenscrierii directe la stagiu, cu \u00eencepere de la\u00a0<strong>1 ianuarie 2025<\/strong>, absolven\u0163ii programelor de masterat, pentru care exist\u0103 acorduri de colaborare \u00eencheiate cu CECCAR, au posibilitatea depunerii dosarelor de echivalare p\u00e2n\u0103 la data de:<\/p><ul><li><strong>19 august 2024, \u00een cadrul filialelor CECCAR de domiciliu<\/strong>, cu precizarea c\u0103 eventualele examene prev\u0103zute de protocoale de colaborare \u0219i\/sau reglement\u0103rile \u00een vigoare se vor putea sus\u021bine cu ocazia\u00a0<strong>sesiunii 26 \u2013 27 septembrie 2024;<\/strong><\/li><\/ul><p class=\"has-black-color has-text-color\"><strong><u>Con\u021binut dosar \u00eenscriere \u0219i condi\u021bii care trebuie \u00eendeplinite:<\/u><\/strong><\/p><p class=\"has-black-color has-text-color\">Potrivit alin. 11\u00a0al art. 3 din O.G. nr. 65\/1994 republicat\u0103, cu modific\u0103rile \u015fi complet\u0103rile ulterioare, la cerere, se pot \u00eenscrie direct la stagiu absolven\u0163ii cursurilor de master, organizate de facult\u0103\u0163ile de profil, pe baza protocoalelor de echivalare a disciplinelor de la examenele de master cu cele de la examenul de admitere \u00een profesie, \u00eencheiate de universit\u0103\u0163i cu CECCAR.<\/p><p class=\"has-black-color has-text-color\">\u00cen temeiul protocoale de colaborare \u00eencheiate de universit\u0103\u0163i cu CECCAR, absolven\u021bii programelor de masterat, au posibilitatea depunerii dosarului de \u00eenscriere direct\u0103 la stagiu,\u00a0<strong>\u00een termen de trei ani de la absolvire.<\/strong>\u00a0<em>Cererile de \u00eenscriere direct la stagiu depuse de absolven\u0163ii programului de studii universitare de master dup\u0103 termenul de trei ani de la absolvire, dar \u00eentr-un termen de maxim cinci ani vor fi supuse spre analiz\u0103 \u015fi hot\u0103r\u00e2re Consiliului Superior al CECCAR, \u00een baza unei declara\u021bii pe propria r\u0103spundere din partea absolven\u021bilor de masterat cu motivul pentru care nu s-au \u00eencadrat \u00een termenul de maxim 5 ani de la absolvire.<\/em><\/p><p><span class=\"stk-highlight\">Eviden\u0163a protocoalelor de colaborare \u00eencheiate de CECCAR cu facult\u0103\u0163ile de profil, precum \u015fi eviden\u0163a disciplinelor echivalate \u015fi a condi\u0163iilor de medie \u015fi note poate fi consultat\u0103 la rubrica<\/span>\u00a0<a href=\"https:\/\/ceccar.ro\/ro\/wp-content\/uploads\/2022\/09\/Evidenta-protocoale-master-actualizat-2022.pdf\" target=\"_blank\" rel=\"noreferrer noopener\"><strong>Institu\u0163ii de \u00eenv\u0103\u0163\u0103m\u00e2nt superior care au \u00eencheiat cu CECCAR protocoale de colaborare<\/strong><\/a><span class=\"stk-highlight\">.<\/span><br \/><span class=\"stk-highlight\">Concret, actele necesare \u00eenscrierii directe la stagiu, \u00een baza protocoalelor de echivalare a disciplinelor programelor de master cu disciplinele examenului de admitere la stagiu sunt:<\/span><\/p><ul><li><span class=\"stk-highlight\">a) cererea de \u00eenscriere (model<\/span>\u00a0<a href=\"https:\/\/ceccar.ro\/ro\/wp-content\/uploads\/2021\/06\/Cerere-de-inscriere-echivalare.doc\"><strong>Anex\u0103<\/strong><\/a><span class=\"stk-highlight\">);<\/span><\/li><li>b) diploma de studii superioare economice, recunoscut\u0103 de Ministerul Educa\u0163iei (certificarea conformit\u0103\u021bii cu originalul)<\/li><li>c) diploma de absolvire a programului de master.\u00a0<strong><em>\u00cen situa\u0163ia \u00een care diploma nu a fost emis\u0103 de facultate se poate depune o adeverin\u0163\u0103 care s\u0103 ateste absolvirea programului de masterat), urm\u00e2nd ca dosarul s\u0103 fie completat ulterior cu diploma;<\/em><\/strong><\/li><li>d) suplimentul diplomei de masterat.<strong><em>\u00a0\u00cen situa\u0163ia \u00een care suplimentul diplomei nu a fost emis se poate depune o situa\u0163ie scolar\u0103) cu eviden\u0163a notelor, urm\u00e2nd ca dosarul s\u0103 fie completat ulterior cu suplimentul diplomei de masterat<\/em><\/strong>;<\/li><li>e)\u00a0<strong>suplimentul diplomei de licen\u0163\u0103 document care se depune doar pentru programele de masterat \u00een care se face trimitere la notele ob\u0163inute \u00een timpul anilor de facultate;<\/strong><\/li><li>f)\u00a0<strong>certificarea conformit\u0103\u021bii cu originalul a diplomelor depuse se face de c\u0103tre filial\u0103<\/strong><strong>;<\/strong><\/li><li>g) certificatul medical din care s\u0103 rezulte c\u0103 solicitantul are capacitatea de exerci\u0163iu deplin\u0103;<\/li><li>h) certificat de cazier judiciar, valabil;<\/li><li>i) CV;<\/li><li>j) copie BI\/CI;<\/li><li><span class=\"stk-highlight\">k) dovada achit\u0103rii taxei de \u00eenscriere la examen \u00een cuantum de 175 Euro (c\/v \u00een lei la cursul BNR din ziua pl\u0103\u021bii), tax\u0103 care va fi pl\u0103tit\u0103 \u00een contul filialei \u00een cadrul c\u0103reia se face \u00eenscrierea;<\/span><\/li><li><span class=\"stk-highlight\">l) acordul privind prelucrarea datelor cu caracter personal (model\u00a0<\/span><a href=\"https:\/\/ceccar.ro\/ro\/wp-content\/uploads\/2021\/06\/Formular-GDPR.pdf\" target=\"_blank\" rel=\"noreferrer noopener\"><strong>Anex\u0103<\/strong><\/a>)<\/li><\/ul><p class=\"has-black-color has-text-color\">Certificarea copiei pentru conformitate cu originalul pentru documentele prev\u0103zute la lit. b) \u2013 d) se realizeaz\u0103 de c\u0103tre personalul CECCAR. Candidatul va prezenta la depunerea dosarului aceste documente \u00een original sau copie legalizat\u0103, iar dup\u0103 certificarea copiei pentru conformitate cu originalul, originalul sau copia legalizat\u0103 se returneaz\u0103 titularului.<\/p><p class=\"has-black-color has-text-color\">\u00cen temeiul, Hot\u0103r\u00e2rii Consiliului superior al CECCAR nr. 18\/437 din 10 februarie 2018, taxa de echivalare a examenului de admitere la stagiu, \u00een cuantum de 175 Euro (c\/v \u00een lei la cursul BNR din ziua pl\u0103\u0163ii) reprezint\u0103 taxa de analiz\u0103 a dosarului \u015fi de acoperire a cheltuielilor necesare organiz\u0103rii examenului de admitere, pentru eventualele discipline neacoperite. Prin urmare, taxa de echivalare nu va fi restituit\u0103 \u00een situa\u0163ia respingerii dosarului de echivalare, a solicit\u0103rii de retragere a dosarului de echivalare sau \u00een situa\u0163ia\u00a0 \u00een care candida\u0163ii au fost declara\u0163i respin\u015fi sau nu s-au prezentat la examenul de admitere la stagiu.<\/p><p class=\"has-black-color has-text-color\">Absolven\u021bii programelor de masterat ale c\u0103ror dosare de echivalare a disciplinelor de masterat cu disciplinele examenului de admitere sunt respinse, dar doresc participarea la examenul de admitere la stagiu, beneficiaz\u0103 de \u00eenscrierea gratuit\u0103 la examenul de admitere la stagiu, pentru urm\u0103toarele dou\u0103 sesiuni ale examenului de admitere la stagiu, respectiv sesiunea ordinar\u0103 sau sesiunea extraordinar\u0103.<\/p>\t\t\t\t\t\t\t<\/div>\n\t\t\t\t<\/div>\n<\/div><div class=\"fw-divider-space space-sm  clearfix\"  ><\/div>\t\t<\/div>\n\t<\/div>\n<\/div><\/div>\n\n\t<\/div>\n\t<\/section>\n","protected":false},"excerpt":{"rendered":"<p>Echivalarea examenului de acces la stagiu Con\u0163inutul dosarului de echivalare a examenului de admitere, categoria expert contabil Institu\u021biile de \u00eenv\u0103\u021b\u0103m\u00e2nt superior care au \u00eencheiat cu CECCAR protocoale de colaborare Con\u021binutul dosarului depus de facult\u0103\u021bile de [&hellip;]<\/p>\n","protected":false},"author":1,"featured_media":0,"parent":288,"menu_order":0,"comment_status":"closed","ping_status":"closed","template":"visual-builder-template.php","meta":{"footnotes":""},"class_list":["post-294","page","type-page","status-publish","hentry"],"_links":{"self":[{"href":"https:\/\/ceccaralba.ro\/ro\/wp-json\/wp\/v2\/pages\/294","targetHints":{"allow":["GET"]}}],"collection":[{"href":"https:\/\/ceccaralba.ro\/ro\/wp-json\/wp\/v2\/pages"}],"about":[{"href":"https:\/\/ceccaralba.ro\/ro\/wp-json\/wp\/v2\/types\/page"}],"author":[{"embeddable":true,"href":"https:\/\/ceccaralba.ro\/ro\/wp-json\/wp\/v2\/users\/1"}],"replies":[{"embeddable":true,"href":"https:\/\/ceccaralba.ro\/ro\/wp-json\/wp\/v2\/comments?post=294"}],"version-history":[{"count":2,"href":"https:\/\/ceccaralba.ro\/ro\/wp-json\/wp\/v2\/pages\/294\/revisions"}],"predecessor-version":[{"id":13156,"href":"https:\/\/ceccaralba.ro\/ro\/wp-json\/wp\/v2\/pages\/294\/revisions\/13156"}],"up":[{"embeddable":true,"href":"https:\/\/ceccaralba.ro\/ro\/wp-json\/wp\/v2\/pages\/288"}],"wp:attachment":[{"href":"https:\/\/ceccaralba.ro\/ro\/wp-json\/wp\/v2\/media?parent=294"}],"curies":[{"name":"wp","href":"https:\/\/api.w.org\/{rel}","templated":true}]}}